{"id":23,"date":"2019-10-15T15:10:00","date_gmt":"2019-10-15T13:10:00","guid":{"rendered":"http:\/\/danchuruska.com\/?page_id=23"},"modified":"2023-02-05T02:22:19","modified_gmt":"2023-02-05T01:22:19","slug":"me-soutenir","status":"publish","type":"page","link":"https:\/\/danchuruska.com\/index.php\/me-soutenir\/","title":{"rendered":"Me soutenir"},"content":{"rendered":"<h1>Me soutenir<\/h1>\n<h2>pourquoi cette page ?<\/h2>\n<p style=\"text-align: center;\"><em>Quand on \u00e9crit, on cr\u00e9e. La cr\u00e9ation, cela prend du temps. Vous voyez o\u00f9 je veux en venir ? J&rsquo;en doute.<\/em><\/p>\n<p style=\"text-align: justify;\">La cr\u00e9ation est un processus qui, selon moi, se doit d&rsquo;\u00eatre lib\u00e9r\u00e9 de toutes contraintes p\u00e9cuniaires, mat\u00e9rielles, m\u00eame. Id\u00e9alement. Dans les faits, nous sommes tous face \u00e0 certaines d&rsquo;entre elles, incontournables. Personnellement, j&rsquo;aimerai, un jour, peut-\u00eatre d\u00e9gager du temps pour \u00e9crire plus, et j&rsquo;aimerai le faire sans tout \u00e0 fait mettre en p\u00e9ril cet id\u00e9al. Alors, <strong>qu&rsquo;est-ce que cela veut dire pour vous<\/strong> ? Simplement que ce qui est disponible ici le restera <strong>gratuitement<\/strong>. Je ne m&rsquo;interdis pas, un jour, de pr\u00e9senter mes \u00e9crits \u00e0 une maison d&rsquo;\u00e9dition, et peut-\u00eatre d&rsquo;entrer d&rsquo;une fa\u00e7on ou d&rsquo;une autre plus profond\u00e9ment dans le syst\u00e8me. Mais pour l&rsquo;instant, \u00e7a sera donc \u00e0 votre bon vouloir.<\/p>\n<h2><\/h2>\n<h2>Et pour me soutenir, concr\u00e8tement ?<\/h2>\n<p style=\"text-align: justify;\">\n<p style=\"text-align: justify;\">Vous pouvez notamment me <strong>suivre<\/strong> et <strong>partager mes publications<\/strong> sur les r\u00e9seaux sociaux. Si vous aimez ce que vous avez lu, n&rsquo;h\u00e9sitez pas \u00e0 en parler autour de vous. De m\u00eame, <strong>tout retour<\/strong>, positif -\u00e7a fait plaisir- ou n\u00e9gatif -c&rsquo;est tr\u00e8s utile pour s&rsquo;am\u00e9liorer- est <strong>v\u00e9ritablement le bienvenu<\/strong>.<\/p>\n","protected":false},"excerpt":{"rendered":"<p>Me soutenir pourquoi cette page ? Quand on \u00e9crit, on cr\u00e9e. La cr\u00e9ation, cela prend du temps. Vous voyez o\u00f9 je veux en venir ? J&rsquo;en doute. La cr\u00e9ation est un processus qui, selon moi, se doit d&rsquo;\u00eatre lib\u00e9r\u00e9 de toutes contraintes p\u00e9cuniaires, mat\u00e9rielles, m\u00eame. Id\u00e9alement. Dans les faits, nous sommes tous face \u00e0 certaines &hellip; <\/p>\n<p class=\"read-more\"><a class=\"readmore-btn\" href=\"https:\/\/danchuruska.com\/index.php\/me-soutenir\/\">+<span class=\"screen-reader-text\">  Read More<\/span><\/a><\/p>\n","protected":false},"author":1,"featured_media":0,"parent":0,"menu_order":0,"comment_status":"closed","ping_status":"closed","template":"","meta":[],"_links":{"self":[{"href":"https:\/\/danchuruska.com\/index.php\/wp-json\/wp\/v2\/pages\/23"}],"collection":[{"href":"https:\/\/danchuruska.com\/index.php\/wp-json\/wp\/v2\/pages"}],"about":[{"href":"https:\/\/danchuruska.com\/index.php\/wp-json\/wp\/v2\/types\/page"}],"author":[{"embeddable":true,"href":"https:\/\/danchuruska.com\/index.php\/wp-json\/wp\/v2\/users\/1"}],"replies":[{"embeddable":true,"href":"https:\/\/danchuruska.com\/index.php\/wp-json\/wp\/v2\/comments?post=23"}],"version-history":[{"count":14,"href":"https:\/\/danchuruska.com\/index.php\/wp-json\/wp\/v2\/pages\/23\/revisions"}],"predecessor-version":[{"id":1136,"href":"https:\/\/danchuruska.com\/index.php\/wp-json\/wp\/v2\/pages\/23\/revisions\/1136"}],"wp:attachment":[{"href":"https:\/\/danchuruska.com\/index.php\/wp-json\/wp\/v2\/media?parent=23"}],"curies":[{"name":"wp","href":"https:\/\/api.w.org\/{rel}","templated":true}]}}