{"id":872,"date":"2019-10-23T00:02:56","date_gmt":"2019-10-22T22:02:56","guid":{"rendered":"http:\/\/danchuruska.com\/?page_id=872"},"modified":"2023-02-05T02:34:15","modified_gmt":"2023-02-05T01:34:15","slug":"poesie","status":"publish","type":"page","link":"https:\/\/danchuruska.com\/index.php\/poesie\/","title":{"rendered":"Po\u00e9sie"},"content":{"rendered":"\n<p>Quelques po\u00e8mes choisis &#8230; n&rsquo;h\u00e9sitez pas \u00e0 me suivre sur <a href=\"https:\/\/www.instagram.com\/dan.churuska\/\" data-type=\"URL\" data-id=\"https:\/\/www.instagram.com\/dan.churuska\/\">Instagram<\/a>.<\/p>\n\n\n\n<div class=\"is-layout-constrained wp-block-group\"><div class=\"wp-block-group__inner-container\">\n<figure class=\"is-layout-flex wp-block-gallery-1 wp-block-gallery has-nested-images columns-default is-cropped\">\n<figure class=\"wp-block-image size-large\"><img decoding=\"async\" loading=\"lazy\" width=\"1024\" height=\"1024\" src=\"http:\/\/danchuruska.com\/wp-content\/uploads\/2023\/02\/Aube-1024x1024.png\" alt=\"\" class=\"wp-image-1139\" srcset=\"https:\/\/danchuruska.com\/wp-content\/uploads\/2023\/02\/Aube-1024x1024.png 1024w, https:\/\/danchuruska.com\/wp-content\/uploads\/2023\/02\/Aube-300x300.png 300w, https:\/\/danchuruska.com\/wp-content\/uploads\/2023\/02\/Aube-150x150.png 150w, https:\/\/danchuruska.com\/wp-content\/uploads\/2023\/02\/Aube-768x768.png 768w, https:\/\/danchuruska.com\/wp-content\/uploads\/2023\/02\/Aube-1536x1536.png 1536w, https:\/\/danchuruska.com\/wp-content\/uploads\/2023\/02\/Aube-270x270.png 270w, https:\/\/danchuruska.com\/wp-content\/uploads\/2023\/02\/Aube.png 2000w\" sizes=\"(max-width: 1024px) 100vw, 1024px\" \/><\/figure>\n\n\n\n<figure class=\"wp-block-image size-large\"><img decoding=\"async\" loading=\"lazy\" width=\"1024\" height=\"1024\" src=\"http:\/\/danchuruska.com\/wp-content\/uploads\/2023\/02\/seteintlejour-1024x1024.png\" alt=\"\" class=\"wp-image-1149\" srcset=\"https:\/\/danchuruska.com\/wp-content\/uploads\/2023\/02\/seteintlejour-1024x1024.png 1024w, https:\/\/danchuruska.com\/wp-content\/uploads\/2023\/02\/seteintlejour-300x300.png 300w, https:\/\/danchuruska.com\/wp-content\/uploads\/2023\/02\/seteintlejour-150x150.png 150w, https:\/\/danchuruska.com\/wp-content\/uploads\/2023\/02\/seteintlejour-768x768.png 768w, https:\/\/danchuruska.com\/wp-content\/uploads\/2023\/02\/seteintlejour-1536x1536.png 1536w, https:\/\/danchuruska.com\/wp-content\/uploads\/2023\/02\/seteintlejour-270x270.png 270w, https:\/\/danchuruska.com\/wp-content\/uploads\/2023\/02\/seteintlejour.png 2000w\" sizes=\"(max-width: 1024px) 100vw, 1024px\" \/><\/figure>\n\n\n\n<figure class=\"wp-block-image size-large\"><img decoding=\"async\" loading=\"lazy\" width=\"1024\" height=\"1024\" src=\"http:\/\/danchuruska.com\/wp-content\/uploads\/2023\/02\/danssesyeux-1024x1024.png\" alt=\"\" class=\"wp-image-1140\" srcset=\"https:\/\/danchuruska.com\/wp-content\/uploads\/2023\/02\/danssesyeux-1024x1024.png 1024w, https:\/\/danchuruska.com\/wp-content\/uploads\/2023\/02\/danssesyeux-300x300.png 300w, https:\/\/danchuruska.com\/wp-content\/uploads\/2023\/02\/danssesyeux-150x150.png 150w, https:\/\/danchuruska.com\/wp-content\/uploads\/2023\/02\/danssesyeux-768x768.png 768w, https:\/\/danchuruska.com\/wp-content\/uploads\/2023\/02\/danssesyeux-1536x1536.png 1536w, https:\/\/danchuruska.com\/wp-content\/uploads\/2023\/02\/danssesyeux-270x270.png 270w, https:\/\/danchuruska.com\/wp-content\/uploads\/2023\/02\/danssesyeux.png 2000w\" sizes=\"(max-width: 1024px) 100vw, 1024px\" \/><\/figure>\n\n\n\n<figure class=\"wp-block-image size-large\"><img decoding=\"async\" loading=\"lazy\" width=\"1024\" height=\"1024\" src=\"http:\/\/danchuruska.com\/wp-content\/uploads\/2023\/02\/NuitSombre-1024x1024.png\" alt=\"\" class=\"wp-image-1138\" srcset=\"https:\/\/danchuruska.com\/wp-content\/uploads\/2023\/02\/NuitSombre-1024x1024.png 1024w, https:\/\/danchuruska.com\/wp-content\/uploads\/2023\/02\/NuitSombre-300x300.png 300w, https:\/\/danchuruska.com\/wp-content\/uploads\/2023\/02\/NuitSombre-150x150.png 150w, https:\/\/danchuruska.com\/wp-content\/uploads\/2023\/02\/NuitSombre-768x768.png 768w, https:\/\/danchuruska.com\/wp-content\/uploads\/2023\/02\/NuitSombre-1536x1536.png 1536w, https:\/\/danchuruska.com\/wp-content\/uploads\/2023\/02\/NuitSombre-270x270.png 270w, https:\/\/danchuruska.com\/wp-content\/uploads\/2023\/02\/NuitSombre.png 2000w\" sizes=\"(max-width: 1024px) 100vw, 1024px\" \/><\/figure>\n\n\n\n<figure class=\"wp-block-image size-large\"><img decoding=\"async\" loading=\"lazy\" width=\"1024\" height=\"1024\" src=\"http:\/\/danchuruska.com\/wp-content\/uploads\/2023\/02\/quefaudra-1024x1024.png\" alt=\"\" class=\"wp-image-1137\" srcset=\"https:\/\/danchuruska.com\/wp-content\/uploads\/2023\/02\/quefaudra-1024x1024.png 1024w, https:\/\/danchuruska.com\/wp-content\/uploads\/2023\/02\/quefaudra-300x300.png 300w, https:\/\/danchuruska.com\/wp-content\/uploads\/2023\/02\/quefaudra-150x150.png 150w, https:\/\/danchuruska.com\/wp-content\/uploads\/2023\/02\/quefaudra-768x768.png 768w, https:\/\/danchuruska.com\/wp-content\/uploads\/2023\/02\/quefaudra-1536x1536.png 1536w, https:\/\/danchuruska.com\/wp-content\/uploads\/2023\/02\/quefaudra-270x270.png 270w, https:\/\/danchuruska.com\/wp-content\/uploads\/2023\/02\/quefaudra.png 2000w\" sizes=\"(max-width: 1024px) 100vw, 1024px\" \/><\/figure>\n\n\n\n<figure class=\"wp-block-image size-large\"><img decoding=\"async\" loading=\"lazy\" width=\"1024\" height=\"1024\" src=\"http:\/\/danchuruska.com\/wp-content\/uploads\/2023\/02\/quelquesnotes-1024x1024.png\" alt=\"\" class=\"wp-image-1141\" srcset=\"https:\/\/danchuruska.com\/wp-content\/uploads\/2023\/02\/quelquesnotes-1024x1024.png 1024w, https:\/\/danchuruska.com\/wp-content\/uploads\/2023\/02\/quelquesnotes-300x300.png 300w, https:\/\/danchuruska.com\/wp-content\/uploads\/2023\/02\/quelquesnotes-150x150.png 150w, https:\/\/danchuruska.com\/wp-content\/uploads\/2023\/02\/quelquesnotes-768x768.png 768w, https:\/\/danchuruska.com\/wp-content\/uploads\/2023\/02\/quelquesnotes-1536x1536.png 1536w, https:\/\/danchuruska.com\/wp-content\/uploads\/2023\/02\/quelquesnotes-270x270.png 270w, https:\/\/danchuruska.com\/wp-content\/uploads\/2023\/02\/quelquesnotes.png 2000w\" sizes=\"(max-width: 1024px) 100vw, 1024px\" \/><\/figure>\n\n\n\n<figure class=\"wp-block-image size-large\"><img decoding=\"async\" loading=\"lazy\" width=\"1024\" height=\"1024\" src=\"http:\/\/danchuruska.com\/wp-content\/uploads\/2023\/02\/vrombissement-1024x1024.png\" alt=\"\" class=\"wp-image-1143\" srcset=\"https:\/\/danchuruska.com\/wp-content\/uploads\/2023\/02\/vrombissement-1024x1024.png 1024w, https:\/\/danchuruska.com\/wp-content\/uploads\/2023\/02\/vrombissement-300x300.png 300w, https:\/\/danchuruska.com\/wp-content\/uploads\/2023\/02\/vrombissement-150x150.png 150w, https:\/\/danchuruska.com\/wp-content\/uploads\/2023\/02\/vrombissement-768x768.png 768w, https:\/\/danchuruska.com\/wp-content\/uploads\/2023\/02\/vrombissement-1536x1536.png 1536w, https:\/\/danchuruska.com\/wp-content\/uploads\/2023\/02\/vrombissement-270x270.png 270w, https:\/\/danchuruska.com\/wp-content\/uploads\/2023\/02\/vrombissement.png 2000w\" sizes=\"(max-width: 1024px) 100vw, 1024px\" \/><\/figure>\n\n\n\n<figure class=\"wp-block-image size-large\"><img decoding=\"async\" loading=\"lazy\" width=\"500\" height=\"500\" src=\"http:\/\/danchuruska.com\/wp-content\/uploads\/2023\/02\/fleuvedargent.png\" alt=\"\" class=\"wp-image-1148\" srcset=\"https:\/\/danchuruska.com\/wp-content\/uploads\/2023\/02\/fleuvedargent.png 500w, https:\/\/danchuruska.com\/wp-content\/uploads\/2023\/02\/fleuvedargent-300x300.png 300w, https:\/\/danchuruska.com\/wp-content\/uploads\/2023\/02\/fleuvedargent-150x150.png 150w, https:\/\/danchuruska.com\/wp-content\/uploads\/2023\/02\/fleuvedargent-270x270.png 270w\" sizes=\"(max-width: 500px) 100vw, 500px\" \/><\/figure>\n\n\n\n<figure class=\"wp-block-image size-large\"><img decoding=\"async\" loading=\"lazy\" width=\"1024\" height=\"1024\" src=\"http:\/\/danchuruska.com\/wp-content\/uploads\/2023\/02\/TDM-1024x1024.png\" alt=\"\" class=\"wp-image-1142\" srcset=\"https:\/\/danchuruska.com\/wp-content\/uploads\/2023\/02\/TDM-1024x1024.png 1024w, https:\/\/danchuruska.com\/wp-content\/uploads\/2023\/02\/TDM-300x300.png 300w, https:\/\/danchuruska.com\/wp-content\/uploads\/2023\/02\/TDM-150x150.png 150w, https:\/\/danchuruska.com\/wp-content\/uploads\/2023\/02\/TDM-768x768.png 768w, https:\/\/danchuruska.com\/wp-content\/uploads\/2023\/02\/TDM-1536x1536.png 1536w, https:\/\/danchuruska.com\/wp-content\/uploads\/2023\/02\/TDM-270x270.png 270w, https:\/\/danchuruska.com\/wp-content\/uploads\/2023\/02\/TDM.png 2000w\" sizes=\"(max-width: 1024px) 100vw, 1024px\" \/><\/figure>\n\n\n\n<figure class=\"wp-block-image size-large\"><img decoding=\"async\" loading=\"lazy\" width=\"1024\" height=\"1024\" src=\"http:\/\/danchuruska.com\/wp-content\/uploads\/2023\/02\/Silfallait-1024x1024.png\" alt=\"\" class=\"wp-image-1145\" srcset=\"https:\/\/danchuruska.com\/wp-content\/uploads\/2023\/02\/Silfallait-1024x1024.png 1024w, https:\/\/danchuruska.com\/wp-content\/uploads\/2023\/02\/Silfallait-300x300.png 300w, https:\/\/danchuruska.com\/wp-content\/uploads\/2023\/02\/Silfallait-150x150.png 150w, https:\/\/danchuruska.com\/wp-content\/uploads\/2023\/02\/Silfallait-768x768.png 768w, https:\/\/danchuruska.com\/wp-content\/uploads\/2023\/02\/Silfallait-1536x1536.png 1536w, https:\/\/danchuruska.com\/wp-content\/uploads\/2023\/02\/Silfallait-270x270.png 270w, https:\/\/danchuruska.com\/wp-content\/uploads\/2023\/02\/Silfallait.png 2000w\" sizes=\"(max-width: 1024px) 100vw, 1024px\" \/><\/figure>\n\n\n\n<figure class=\"wp-block-image size-large\"><img decoding=\"async\" loading=\"lazy\" width=\"1024\" height=\"1024\" src=\"http:\/\/danchuruska.com\/wp-content\/uploads\/2023\/02\/aladerobade-1024x1024.png\" alt=\"\" class=\"wp-image-1144\" srcset=\"https:\/\/danchuruska.com\/wp-content\/uploads\/2023\/02\/aladerobade-1024x1024.png 1024w, https:\/\/danchuruska.com\/wp-content\/uploads\/2023\/02\/aladerobade-300x300.png 300w, https:\/\/danchuruska.com\/wp-content\/uploads\/2023\/02\/aladerobade-150x150.png 150w, https:\/\/danchuruska.com\/wp-content\/uploads\/2023\/02\/aladerobade-768x768.png 768w, https:\/\/danchuruska.com\/wp-content\/uploads\/2023\/02\/aladerobade-1536x1536.png 1536w, https:\/\/danchuruska.com\/wp-content\/uploads\/2023\/02\/aladerobade-270x270.png 270w, https:\/\/danchuruska.com\/wp-content\/uploads\/2023\/02\/aladerobade.png 2000w\" sizes=\"(max-width: 1024px) 100vw, 1024px\" \/><\/figure>\n\n\n\n<figure class=\"wp-block-image size-large\"><img decoding=\"async\" loading=\"lazy\" width=\"1024\" height=\"1024\" src=\"http:\/\/danchuruska.com\/wp-content\/uploads\/2023\/02\/jairetrouvelenergie-1024x1024.png\" alt=\"\" class=\"wp-image-1146\" srcset=\"https:\/\/danchuruska.com\/wp-content\/uploads\/2023\/02\/jairetrouvelenergie-1024x1024.png 1024w, https:\/\/danchuruska.com\/wp-content\/uploads\/2023\/02\/jairetrouvelenergie-300x300.png 300w, https:\/\/danchuruska.com\/wp-content\/uploads\/2023\/02\/jairetrouvelenergie-150x150.png 150w, https:\/\/danchuruska.com\/wp-content\/uploads\/2023\/02\/jairetrouvelenergie-768x768.png 768w, https:\/\/danchuruska.com\/wp-content\/uploads\/2023\/02\/jairetrouvelenergie-1536x1536.png 1536w, https:\/\/danchuruska.com\/wp-content\/uploads\/2023\/02\/jairetrouvelenergie-270x270.png 270w, https:\/\/danchuruska.com\/wp-content\/uploads\/2023\/02\/jairetrouvelenergie.png 2000w\" sizes=\"(max-width: 1024px) 100vw, 1024px\" \/><\/figure>\n\n\n\n<figure class=\"wp-block-image size-large\"><img decoding=\"async\" loading=\"lazy\" width=\"1024\" height=\"1024\" src=\"http:\/\/danchuruska.com\/wp-content\/uploads\/2023\/02\/matieredemapassion-1024x1024.png\" alt=\"\" class=\"wp-image-1150\" srcset=\"https:\/\/danchuruska.com\/wp-content\/uploads\/2023\/02\/matieredemapassion-1024x1024.png 1024w, https:\/\/danchuruska.com\/wp-content\/uploads\/2023\/02\/matieredemapassion-300x300.png 300w, https:\/\/danchuruska.com\/wp-content\/uploads\/2023\/02\/matieredemapassion-150x150.png 150w, https:\/\/danchuruska.com\/wp-content\/uploads\/2023\/02\/matieredemapassion-768x768.png 768w, https:\/\/danchuruska.com\/wp-content\/uploads\/2023\/02\/matieredemapassion-1536x1536.png 1536w, https:\/\/danchuruska.com\/wp-content\/uploads\/2023\/02\/matieredemapassion-270x270.png 270w, https:\/\/danchuruska.com\/wp-content\/uploads\/2023\/02\/matieredemapassion.png 2000w\" sizes=\"(max-width: 1024px) 100vw, 1024px\" \/><\/figure>\n\n\n\n<figure class=\"wp-block-image size-large\"><img decoding=\"async\" loading=\"lazy\" width=\"1024\" height=\"1024\" src=\"http:\/\/danchuruska.com\/wp-content\/uploads\/2023\/02\/ilyacesmots-1024x1024.png\" alt=\"\" class=\"wp-image-1147\" srcset=\"https:\/\/danchuruska.com\/wp-content\/uploads\/2023\/02\/ilyacesmots-1024x1024.png 1024w, https:\/\/danchuruska.com\/wp-content\/uploads\/2023\/02\/ilyacesmots-300x300.png 300w, https:\/\/danchuruska.com\/wp-content\/uploads\/2023\/02\/ilyacesmots-150x150.png 150w, https:\/\/danchuruska.com\/wp-content\/uploads\/2023\/02\/ilyacesmots-768x768.png 768w, https:\/\/danchuruska.com\/wp-content\/uploads\/2023\/02\/ilyacesmots-1536x1536.png 1536w, https:\/\/danchuruska.com\/wp-content\/uploads\/2023\/02\/ilyacesmots-270x270.png 270w, https:\/\/danchuruska.com\/wp-content\/uploads\/2023\/02\/ilyacesmots.png 2000w\" sizes=\"(max-width: 1024px) 100vw, 1024px\" \/><\/figure>\n\n\n\n<figure class=\"wp-block-image size-large\"><img decoding=\"async\" loading=\"lazy\" width=\"1024\" height=\"1024\" src=\"http:\/\/danchuruska.com\/wp-content\/uploads\/2023\/02\/funambules-1024x1024.png\" alt=\"\" class=\"wp-image-1151\" srcset=\"https:\/\/danchuruska.com\/wp-content\/uploads\/2023\/02\/funambules-1024x1024.png 1024w, https:\/\/danchuruska.com\/wp-content\/uploads\/2023\/02\/funambules-300x300.png 300w, https:\/\/danchuruska.com\/wp-content\/uploads\/2023\/02\/funambules-150x150.png 150w, https:\/\/danchuruska.com\/wp-content\/uploads\/2023\/02\/funambules-768x768.png 768w, https:\/\/danchuruska.com\/wp-content\/uploads\/2023\/02\/funambules-1536x1536.png 1536w, https:\/\/danchuruska.com\/wp-content\/uploads\/2023\/02\/funambules-270x270.png 270w, https:\/\/danchuruska.com\/wp-content\/uploads\/2023\/02\/funambules.png 2000w\" sizes=\"(max-width: 1024px) 100vw, 1024px\" \/><\/figure>\n\n\n\n<figure class=\"wp-block-image size-large\"><img decoding=\"async\" loading=\"lazy\" width=\"1024\" height=\"1024\" src=\"http:\/\/danchuruska.com\/wp-content\/uploads\/2023\/02\/tournesol-1024x1024.png\" alt=\"\" class=\"wp-image-1154\" srcset=\"https:\/\/danchuruska.com\/wp-content\/uploads\/2023\/02\/tournesol-1024x1024.png 1024w, https:\/\/danchuruska.com\/wp-content\/uploads\/2023\/02\/tournesol-300x300.png 300w, https:\/\/danchuruska.com\/wp-content\/uploads\/2023\/02\/tournesol-150x150.png 150w, https:\/\/danchuruska.com\/wp-content\/uploads\/2023\/02\/tournesol-768x768.png 768w, https:\/\/danchuruska.com\/wp-content\/uploads\/2023\/02\/tournesol-1536x1536.png 1536w, https:\/\/danchuruska.com\/wp-content\/uploads\/2023\/02\/tournesol-270x270.png 270w, https:\/\/danchuruska.com\/wp-content\/uploads\/2023\/02\/tournesol.png 2000w\" sizes=\"(max-width: 1024px) 100vw, 1024px\" \/><\/figure>\n\n\n\n<figure class=\"wp-block-image size-large\"><img decoding=\"async\" loading=\"lazy\" width=\"1024\" height=\"1024\" src=\"http:\/\/danchuruska.com\/wp-content\/uploads\/2023\/02\/composition-1024x1024.png\" alt=\"\" class=\"wp-image-1152\" srcset=\"https:\/\/danchuruska.com\/wp-content\/uploads\/2023\/02\/composition-1024x1024.png 1024w, https:\/\/danchuruska.com\/wp-content\/uploads\/2023\/02\/composition-300x300.png 300w, https:\/\/danchuruska.com\/wp-content\/uploads\/2023\/02\/composition-150x150.png 150w, https:\/\/danchuruska.com\/wp-content\/uploads\/2023\/02\/composition-768x768.png 768w, https:\/\/danchuruska.com\/wp-content\/uploads\/2023\/02\/composition-1536x1536.png 1536w, https:\/\/danchuruska.com\/wp-content\/uploads\/2023\/02\/composition-270x270.png 270w, https:\/\/danchuruska.com\/wp-content\/uploads\/2023\/02\/composition.png 2000w\" sizes=\"(max-width: 1024px) 100vw, 1024px\" \/><\/figure>\n\n\n\n<figure class=\"wp-block-image size-large\"><img decoding=\"async\" loading=\"lazy\" width=\"500\" height=\"500\" src=\"http:\/\/danchuruska.com\/wp-content\/uploads\/2023\/02\/promessevide.png\" alt=\"\" class=\"wp-image-1153\" srcset=\"https:\/\/danchuruska.com\/wp-content\/uploads\/2023\/02\/promessevide.png 500w, https:\/\/danchuruska.com\/wp-content\/uploads\/2023\/02\/promessevide-300x300.png 300w, https:\/\/danchuruska.com\/wp-content\/uploads\/2023\/02\/promessevide-150x150.png 150w, https:\/\/danchuruska.com\/wp-content\/uploads\/2023\/02\/promessevide-270x270.png 270w\" sizes=\"(max-width: 500px) 100vw, 500px\" \/><\/figure>\n<\/figure>\n<\/div><\/div>\n","protected":false},"excerpt":{"rendered":"<p>Quelques po\u00e8mes choisis &#8230; n&rsquo;h\u00e9sitez pas \u00e0 me suivre sur Instagram.<\/p>\n","protected":false},"author":1,"featured_media":0,"parent":0,"menu_order":0,"comment_status":"closed","ping_status":"closed","template":"","meta":[],"_links":{"self":[{"href":"https:\/\/danchuruska.com\/index.php\/wp-json\/wp\/v2\/pages\/872"}],"collection":[{"href":"https:\/\/danchuruska.com\/index.php\/wp-json\/wp\/v2\/pages"}],"about":[{"href":"https:\/\/danchuruska.com\/index.php\/wp-json\/wp\/v2\/types\/page"}],"author":[{"embeddable":true,"href":"https:\/\/danchuruska.com\/index.php\/wp-json\/wp\/v2\/users\/1"}],"replies":[{"embeddable":true,"href":"https:\/\/danchuruska.com\/index.php\/wp-json\/wp\/v2\/comments?post=872"}],"version-history":[{"count":13,"href":"https:\/\/danchuruska.com\/index.php\/wp-json\/wp\/v2\/pages\/872\/revisions"}],"predecessor-version":[{"id":1155,"href":"https:\/\/danchuruska.com\/index.php\/wp-json\/wp\/v2\/pages\/872\/revisions\/1155"}],"wp:attachment":[{"href":"https:\/\/danchuruska.com\/index.php\/wp-json\/wp\/v2\/media?parent=872"}],"curies":[{"name":"wp","href":"https:\/\/api.w.org\/{rel}","templated":true}]}}