{"id":911,"date":"2019-10-31T21:09:52","date_gmt":"2019-10-31T20:09:52","guid":{"rendered":"http:\/\/danchuruska.com\/?page_id=911"},"modified":"2023-02-05T02:20:44","modified_gmt":"2023-02-05T01:20:44","slug":"nouvelles","status":"publish","type":"page","link":"https:\/\/danchuruska.com\/index.php\/nouvelles\/","title":{"rendered":"Nouvelles"},"content":{"rendered":"<h4><\/h4>\n<h2>En une : Danse m\u00e9tropolitaine<\/h2>\n<p>Fiction<\/p>\n<p><img decoding=\"async\" loading=\"lazy\" class=\"size-medium wp-image-1093 aligncenter\" src=\"http:\/\/danchuruska.com\/wp-content\/uploads\/2020\/02\/cover-212x300.jpg\" alt=\"\" width=\"212\" height=\"300\" srcset=\"https:\/\/danchuruska.com\/wp-content\/uploads\/2020\/02\/cover-212x300.jpg 212w, https:\/\/danchuruska.com\/wp-content\/uploads\/2020\/02\/cover-724x1024.jpg 724w, https:\/\/danchuruska.com\/wp-content\/uploads\/2020\/02\/cover-768x1086.jpg 768w, https:\/\/danchuruska.com\/wp-content\/uploads\/2020\/02\/cover-1086x1536.jpg 1086w, https:\/\/danchuruska.com\/wp-content\/uploads\/2020\/02\/cover-1080x1528.jpg 1080w, https:\/\/danchuruska.com\/wp-content\/uploads\/2020\/02\/cover-1280x1810.jpg 1280w, https:\/\/danchuruska.com\/wp-content\/uploads\/2020\/02\/cover-980x1386.jpg 980w, https:\/\/danchuruska.com\/wp-content\/uploads\/2020\/02\/cover-480x679.jpg 480w, https:\/\/danchuruska.com\/wp-content\/uploads\/2020\/02\/cover.jpg 1385w\" sizes=\"(max-width: 212px) 100vw, 212px\" \/><\/p>\n<p>Extrait :<\/p>\n<blockquote><p>\u00a0\u00a0\u00a0\u00a0 Je l\u2019observe. Il s\u2019agite, au fond du wagon, fait de grands gestes, comme s\u2019il \u00e9tait sur sc\u00e8ne, sous le regard \u00e0 peine interloqu\u00e9 des usagers. Malgr\u00e9 les voix de la radio dans mes oreilles, j\u2019entends le ramdam de la rame dans son tunnel \u2026<\/p><\/blockquote>\n<p>Formats :<\/p>\n<pre style=\"text-align: center;\"><a title=\"Dame Blanche (epub)\" href=\"http:\/\/danchuruska.com\/FichiersP\/Danse%20metropolitaine%20-%20Dan%20Churuska.epub\">EPUB<\/a>\u00a0\u00a0\u00a0 <a title=\"Dame Blanche (pdf)\" href=\"http:\/\/danchuruska.com\/FichiersP\/Danse%20metropolitaine%20-%20Dan%20Churuska.pdf\">PDF<\/a>\u00a0\u00a0\u00a0 <a title=\"Dame Blanche (MOBI)\" href=\"http:\/\/danchuruska.com\/FichiersP\/Danse%20metropolitaine%20-%20Dan%20Churuska.mobi\">MOBI<\/a><\/pre>\n<h2>Autres nouvelles<\/h2>\n<h3>La Geste<\/h3>\n<p>Extrait:<\/p>\n<blockquote><p>\u00a0\u00a0 Premier temps. Toujours le plus scrut\u00e9, toujours le plus d\u00e9cevant, \u00e0 consid\u00e9rer de loin, parce qu\u2019il ne peut l\u2019\u00eatre qu\u2019ainsi. Le premier temps est aussi le plus attendu, et le plus n\u00e9cessaire. Il initie, m\u00eame s\u2019il reste obscur pour le profane. Le bras s\u2019\u00e9carte, le rectangle se dresse, l\u2019attention tourne. Qui est \u00e0 l\u2019origine du miracle incandescent, de ce soudain bal ?<\/p><\/blockquote>\n<p>Formats :<\/p>\n<p><a title=\"Dame Blanche (epub)\" href=\"http:\/\/danchuruska.com\/FichiersP\/Dame%20blanche%20-%20Dan%20Churuska.epub\">EPUB<\/a>\u00a0\u00a0\u00a0 <a title=\"Dame Blanche (pdf)\" href=\"http:\/\/danchuruska.com\/FichiersP\/Dame%20blanche%20-%20Dan%20Churuska.pdf\">PDF<\/a>\u00a0\u00a0\u00a0 <a title=\"Dame Blanche (MOBI)\" href=\"http:\/\/danchuruska.com\/FichiersP\/Dame%20blanche%20-%20Dan%20Churuska.mobi\">MOBI<\/a><\/p>\n<h3><\/h3>\n<h3>Deux nouvelles pour le \u00ab\u00a0prix\u00a0\u00bb d&rsquo;une : Face au miroir, suivi de Simulacre<\/h3>\n<blockquote class=\"wp-block-quote\"><p>L\u2019odeur.<br \/>\nCelle de l\u2019homme mal lav\u00e9, de la sueur, des larmes. L\u2019odeur qui emplit la petite pi\u00e8ce depuis quelques jours, et qui irrite mes narines. Je viens de r\u00e9aliser qu\u2019elle vient de moi. Je laisse derri\u00e8re moi la cellule et son capharna\u00fcm\u00a0; j\u2019avance vers le couloir, vers le grand miroir.<\/p>\n<p><cite>(d\u00e9but du texte)<\/cite><\/p><\/blockquote>\n<h3>Je m&rsquo;appelle Ali<\/h3>\n<blockquote class=\"wp-block-quote\"><p>\u00a0\u00a0\u00a0\u00a0 J\u2019\u00e9merge d\u2019une nuit agit\u00e9e. Je ne sais si les r\u00eaves oubli\u00e9s en sont la cause, ou peut-\u00eatre ces agressions encore audibles du monde urbain. Ou encore une nouvelle aventure, \u00e9reintante, qui m\u2019a conduit finalement \u00e0 l\u2019oubli, plein et entier. Alors pour tout \u00e0 fait \u00e9veiller mon esprit, je me redresse, regroupant mes oreillers dans mon dos et je saisis mon livre du moment. D\u00e8s lors, le temps n\u2019existe plus\u2026<\/p>\n<p><cite>(d\u00e9but du premier paragraphe)<\/cite><\/p><\/blockquote>\n<h3>Dame blanche.<\/h3>\n<p>Extrait :<\/p>\n<blockquote><p>\u00a0\u00a0\u00a0\u00a0La mort est un mythe, nous sommes tous immortels. Seuls les fous pour y croire. Les exalt\u00e9s. Les ali\u00e9n\u00e9s. Pourtant, strie par strie, le sillon se creusait en nous. L\u2019empreinte se manifestait sur nos g\u00e9nomes. Le temps, toujours, immuable, nous permet l\u2019incroyable.<\/p>\n<p><cite>(d\u00e9but du texte)<\/cite><\/p><\/blockquote>\n<h3>Ici, la Fin<\/h3>\n<blockquote class=\"wp-block-quote\"><p>\u00a0Le silence.<br \/>\nC\u2019\u00e9tait le silence, dor\u00e9navant, qui l\u2019effrayait le plus. Il s\u2019\u00e9tait fait \u00e0 la violence des songes, aux naus\u00e9es du corps. Sandra aussi s\u2019\u00e9tait accommod\u00e9e \u00e0 ses r\u00e9veils en sursaut, passant des regards anxieux \u00e0 la compassion polie, et, finalement, \u00e0 l\u2019absence de r\u00e9action.<\/p>\n<p><cite>(d\u00e9but du texte)<\/cite><\/p><\/blockquote>\n<h3>Ench\u00e8re priv\u00e9e<\/h3>\n<blockquote class=\"wp-block-quote\"><p>\u00a0\u00a0\u00a0\u00a0 Paris.<br \/>\nUn immeuble haussmannien, VII\u00e8me arrondissement.<br \/>\nMusique d\u2019ambiance, tintements de cristal, conversations l\u00e9g\u00e8res. Champagne, petits fours, caviar, fruits exotiques. Sourires, rires, potins, conversations aux gros sous. Temps maussade et tristesse de Novembre dans les rues de la capitale ; chaleur et ivresse des sens \u00e0 l\u2019int\u00e9rieur. Avec un ratio de neuf hommes pour une femme, bien s\u00fbr, les serveurs deviennent des h\u00f4tesses aux courbes avantageuses. On reluque, on effleure, on savoure.<\/p>\n<p><cite>(premier paragraphe)<\/cite><\/p><\/blockquote>\n","protected":false},"excerpt":{"rendered":"<p>En une : Danse m\u00e9tropolitaine Fiction Extrait : \u00a0\u00a0\u00a0\u00a0 Je l\u2019observe. Il s\u2019agite, au fond du wagon, fait de grands gestes, comme s\u2019il \u00e9tait sur sc\u00e8ne, sous le regard \u00e0 peine interloqu\u00e9 des usagers. Malgr\u00e9 les voix de la radio dans mes oreilles, j\u2019entends le ramdam de la rame dans son tunnel \u2026 Formats : &hellip; <\/p>\n<p class=\"read-more\"><a class=\"readmore-btn\" href=\"https:\/\/danchuruska.com\/index.php\/nouvelles\/\">+<span class=\"screen-reader-text\">  Read More<\/span><\/a><\/p>\n","protected":false},"author":1,"featured_media":0,"parent":0,"menu_order":0,"comment_status":"closed","ping_status":"closed","template":"","meta":[],"_links":{"self":[{"href":"https:\/\/danchuruska.com\/index.php\/wp-json\/wp\/v2\/pages\/911"}],"collection":[{"href":"https:\/\/danchuruska.com\/index.php\/wp-json\/wp\/v2\/pages"}],"about":[{"href":"https:\/\/danchuruska.com\/index.php\/wp-json\/wp\/v2\/types\/page"}],"author":[{"embeddable":true,"href":"https:\/\/danchuruska.com\/index.php\/wp-json\/wp\/v2\/users\/1"}],"replies":[{"embeddable":true,"href":"https:\/\/danchuruska.com\/index.php\/wp-json\/wp\/v2\/comments?post=911"}],"version-history":[{"count":36,"href":"https:\/\/danchuruska.com\/index.php\/wp-json\/wp\/v2\/pages\/911\/revisions"}],"predecessor-version":[{"id":1135,"href":"https:\/\/danchuruska.com\/index.php\/wp-json\/wp\/v2\/pages\/911\/revisions\/1135"}],"wp:attachment":[{"href":"https:\/\/danchuruska.com\/index.php\/wp-json\/wp\/v2\/media?parent=911"}],"curies":[{"name":"wp","href":"https:\/\/api.w.org\/{rel}","templated":true}]}}